{"id":29276,"date":"2026-04-08T08:21:09","date_gmt":"2026-04-08T08:21:09","guid":{"rendered":"https:\/\/sanqingniaoo.com\/product\/basix-chenille-tie-dye\/"},"modified":"2026-04-22T09:22:55","modified_gmt":"2026-04-22T09:22:55","slug":"basix-chenille-tie-dye","status":"publish","type":"product","link":"https:\/\/sanqingniaoo.com\/vi\/san-pham\/basix-chenille-tie-dye\/","title":{"rendered":"Basix\u00ae Chenille nhu\u1ed9m tie-dye"},"content":{"rendered":"<p>Basix\u00ae Chenille Tie Dye s\u1edf h\u1eefu nh\u1eefng t\u00f4ng m\u00e0u \u0111a s\u1eafc, \u0111\u1ea7y ch\u1ea5t psychedelic, k\u1ebft h\u1ee3p ho\u00e0n h\u1ea3o v\u1edbi d\u00f2ng Basix\u00ae Chenille Brights \u0111\u1ec3 t\u1ea1o n\u00ean s\u1ef1 ph\u1ed1i m\u00e0u t\u1ef1 nhi\u00ean v\u00e0 tho\u1ea3i m\u00e1i. C\u00e1c \u0111o\u1ea1n m\u00e0u l\u1eb7p l\u1ea1i ng\u1eafn gi\u00fap t\u00f4n l\u00ean t\u1eebng s\u1eafc th\u00e1i chuy\u1ec3n m\u00e0u ngay c\u1ea3 trong nh\u1eefng d\u1ef1 \u00e1n nh\u1ecf. C\u00f3 th\u1ec3 gi\u1eb7t v\u00e0 s\u1ea5y b\u1eb1ng m\u00e1y, th\u00e0nh vi\u00ean m\u1edbi nh\u1ea5t c\u1ee7a gia \u0111\u00ecnh Basix\u00ae v\u1eabn gi\u1eef nguy\u00ean \u0111\u1ed9 m\u1ec1m m\u1ea1i d\u1ecbu nh\u1eb9 m\u00e0 b\u1ea1n y\u00eau th\u00edch c\u00f9ng phong c\u00e1ch s\u00e0nh \u0111i\u1ec7u m\u00e0 b\u1ea1n ch\u1eafc ch\u1eafn s\u1ebd m\u00ea m\u1ea9n.\u00a0<\/p>","protected":false},"excerpt":{"rendered":"<p>Basix\u00ae Chenille Tie Dye features variegated, psychedelic colorways that pair back to Basix\u00ae Chenille Brights for carefree color coordination. Short<\/p>","protected":false},"featured_media":29274,"comment_status":"open","ping_status":"closed","template":"","meta":[],"product_brand":[],"product_cat":[46],"product_tag":[],"class_list":{"0":"post-29276","1":"product","2":"type-product","3":"status-publish","4":"has-post-thumbnail","6":"product_cat-synthetic-fiber","8":"first","9":"instock","10":"shipping-taxable","11":"purchasable","12":"product-type-simple"},"_links":{"self":[{"href":"https:\/\/sanqingniaoo.com\/vi\/wp-json\/wp\/v2\/product\/29276","targetHints":{"allow":["GET"]}}],"collection":[{"href":"https:\/\/sanqingniaoo.com\/vi\/wp-json\/wp\/v2\/product"}],"about":[{"href":"https:\/\/sanqingniaoo.com\/vi\/wp-json\/wp\/v2\/types\/product"}],"replies":[{"embeddable":true,"href":"https:\/\/sanqingniaoo.com\/vi\/wp-json\/wp\/v2\/comments?post=29276"}],"version-history":[{"count":0,"href":"https:\/\/sanqingniaoo.com\/vi\/wp-json\/wp\/v2\/product\/29276\/revisions"}],"wp:featuredmedia":[{"embeddable":true,"href":"https:\/\/sanqingniaoo.com\/vi\/wp-json\/wp\/v2\/media\/29274"}],"wp:attachment":[{"href":"https:\/\/sanqingniaoo.com\/vi\/wp-json\/wp\/v2\/media?parent=29276"}],"wp:term":[{"taxonomy":"product_brand","embeddable":true,"href":"https:\/\/sanqingniaoo.com\/vi\/wp-json\/wp\/v2\/product_brand?post=29276"},{"taxonomy":"product_cat","embeddable":true,"href":"https:\/\/sanqingniaoo.com\/vi\/wp-json\/wp\/v2\/product_cat?post=29276"},{"taxonomy":"product_tag","embeddable":true,"href":"https:\/\/sanqingniaoo.com\/vi\/wp-json\/wp\/v2\/product_tag?post=29276"}],"curies":[{"name":"wp","href":"https:\/\/api.w.org\/{rel}","templated":true}]}}