{"id":29280,"date":"2026-04-08T08:21:10","date_gmt":"2026-04-08T08:21:10","guid":{"rendered":"https:\/\/sanqingniaoo.com\/product\/gumdrop-chenille-bag-of-3\/"},"modified":"2026-04-22T09:22:45","modified_gmt":"2026-04-22T09:22:45","slug":"gumdrop-chenille-bag-of-3","status":"publish","type":"product","link":"https:\/\/sanqingniaoo.com\/vi\/san-pham\/gumdrop-chenille-bag-of-3\/","title":{"rendered":"B\u1ed9 3 t\u00fai v\u1ea3i chenille Gumdrop\u2122"},"content":{"rendered":"<p>H\u00e0ng b\u00e1n ra kh\u00f4ng \u0111\u01b0\u1ee3c \u0111\u1ed5i tr\u1ea3. G\u00f3i 3 chi\u1ebfc, c\u00f9ng m\u00e0u.<br \/>\nS\u1ea3n ph\u1ea9m n\u00e0y \u0111\u00e3 ng\u1eebng kinh doanh v\u00e0 s\u1ebd kh\u00f4ng \u0111\u01b0\u1ee3c nh\u1eadp h\u00e0ng tr\u1edf l\u1ea1i. H\u00e3y \u0111\u1ea3m b\u1ea3o \u0111\u1eb7t h\u00e0ng \u0111\u1ee7 s\u1ed1 l\u01b0\u1ee3ng \u0111\u1ec3 ho\u00e0n th\u00e0nh d\u1ef1 \u00e1n c\u1ee7a b\u1ea1n. Ch\u00fang t\u00f4i kh\u00f4ng nh\u1eadn \u0111\u1eb7t h\u00e0ng tr\u01b0\u1edbc cho c\u00e1c s\u1ea3n ph\u1ea9m \u0111\u00e3 h\u1ebft h\u00e0ng.<br \/>\nAdd some sweetness to your favorite crochet amigurumi or your go-to knit blanket pattern with our latest yarn, Premier\u00ae Gumdrop\u2122.<br \/>\nEach easy-to-stitch, 200g cake of Premier\u00ae Gumdrop\u2122 is a marvelous mix of a 3-color, self-striping pattern sprinkled with white, soft, plush chenille.<br \/>\nThis #6 Super Bulky weight yarn can be stitched alone and without all those pesky ends to weave in or pair it with your favorite color of Premier Parfait\u00ae Chunky and start collecting compliments on your next project.<br \/>\nH\u00e3y tho\u1ea3i m\u00e1i s\u00e1ng t\u1ea1o v\u1edbi s\u1ef1 an t\u00e2m r\u1eb1ng lo\u1ea1i s\u1ee3i n\u00e0y an to\u00e0n cho m\u1ecdi ng\u01b0\u1eddi! S\u1ea3n ph\u1ea9m \u0111\u00e3 \u0111\u1ea1t ti\u00eau chu\u1ea9n cao nh\u1ea5t, ph\u00f9 h\u1ee3p \u0111\u1ec3 ti\u1ebfp x\u00fac tr\u1ef1c ti\u1ebfp v\u1edbi l\u00e0n da nh\u1ea1y c\u1ea3m nh\u1ea5t, k\u1ec3 c\u1ea3 tr\u1ebb s\u01a1 sinh v\u00e0 tr\u1ebb nh\u1ecf.<\/p>","protected":false},"excerpt":{"rendered":"<p>All sales final. Bag of 3, same color. This item is discontinued and will not be restocked. Be sure to<\/p>","protected":false},"featured_media":29277,"comment_status":"open","ping_status":"closed","template":"","meta":[],"product_brand":[],"product_cat":[46],"product_tag":[],"class_list":{"0":"post-29280","1":"product","2":"type-product","3":"status-publish","4":"has-post-thumbnail","6":"product_cat-synthetic-fiber","8":"first","9":"instock","10":"shipping-taxable","11":"purchasable","12":"product-type-simple"},"_links":{"self":[{"href":"https:\/\/sanqingniaoo.com\/vi\/wp-json\/wp\/v2\/product\/29280","targetHints":{"allow":["GET"]}}],"collection":[{"href":"https:\/\/sanqingniaoo.com\/vi\/wp-json\/wp\/v2\/product"}],"about":[{"href":"https:\/\/sanqingniaoo.com\/vi\/wp-json\/wp\/v2\/types\/product"}],"replies":[{"embeddable":true,"href":"https:\/\/sanqingniaoo.com\/vi\/wp-json\/wp\/v2\/comments?post=29280"}],"version-history":[{"count":0,"href":"https:\/\/sanqingniaoo.com\/vi\/wp-json\/wp\/v2\/product\/29280\/revisions"}],"wp:featuredmedia":[{"embeddable":true,"href":"https:\/\/sanqingniaoo.com\/vi\/wp-json\/wp\/v2\/media\/29277"}],"wp:attachment":[{"href":"https:\/\/sanqingniaoo.com\/vi\/wp-json\/wp\/v2\/media?parent=29280"}],"wp:term":[{"taxonomy":"product_brand","embeddable":true,"href":"https:\/\/sanqingniaoo.com\/vi\/wp-json\/wp\/v2\/product_brand?post=29280"},{"taxonomy":"product_cat","embeddable":true,"href":"https:\/\/sanqingniaoo.com\/vi\/wp-json\/wp\/v2\/product_cat?post=29280"},{"taxonomy":"product_tag","embeddable":true,"href":"https:\/\/sanqingniaoo.com\/vi\/wp-json\/wp\/v2\/product_tag?post=29280"}],"curies":[{"name":"wp","href":"https:\/\/api.w.org\/{rel}","templated":true}]}}