{"id":29326,"date":"2026-04-08T08:27:34","date_gmt":"2026-04-08T08:27:34","guid":{"rendered":"https:\/\/sanqingniaoo.com\/product\/stitch-please-100-wool-chunky-2\/"},"modified":"2026-04-22T09:31:01","modified_gmt":"2026-04-22T09:31:01","slug":"stitch-please-100-wool-chunky-2","status":"publish","type":"product","link":"https:\/\/sanqingniaoo.com\/vi\/san-pham\/stitch-please-100-wool-chunky-2\/","title":{"rendered":"Stitch Please\u2122 100% Len s\u1ee3i d\u00e0y"},"content":{"rendered":"<p>S\u1ee3i len Stitch Please 100% Chunky s\u1edf h\u1eefu t\u1ea5t c\u1ea3 nh\u1eefng \u0111\u1eb7c t\u00ednh tuy\u1ec7t v\u1eddi c\u1ee7a s\u1ee3i len 100% Worsted nh\u01b0ng v\u1edbi \u0111\u1ed9 d\u00e0y l\u1edbn h\u01a1n, r\u1ea5t l\u00fd t\u01b0\u1edfng \u0111\u1ec3 t\u1ea1o ra nh\u1eefng trang ph\u1ee5c v\u00e0 ph\u1ee5 ki\u1ec7n \u1ea5m \u00e1p ch\u1ec9 trong th\u1eddi gian ng\u1eafn. S\u1ee3i len n\u00e0y c\u00f3 c\u00e1c \u0111\u1eb7c \u0111i\u1ec3m sau: c\u1ea5u tr\u00fac xo\u1eafn m\u1ecbn gi\u00fap n\u00f3 tr\u1edf n\u00ean l\u00fd t\u01b0\u1edfng cho c\u00e1c k\u1ef9 thu\u1eadt \u0111an c\u00e1p v\u00e0 ph\u1ed1i m\u00e0u, s\u1ee3i len 100% c\u00f3 ngh\u0129a l\u00e0 n\u00f3 r\u1ea5t ph\u00f9 h\u1ee3p \u0111\u1ec3 t\u1ea1o ra c\u00e1c d\u1ef1 \u00e1n n\u1ec9, \u0111\u1ed3ng th\u1eddi c\u0169ng l\u00e0 s\u1ef1 l\u1ef1a ch\u1ecdn tuy\u1ec7t v\u1eddi cho d\u1ec7t v\u00e0 th\u00eau kim \u0111\u1ee5c l\u1ed7. H\u00e3y d\u00e0nh ch\u00fat th\u1eddi gian \u0111\u1ec3 th\u01b0 gi\u00e3n c\u00f9ng Stitch Please.<\/p>","protected":false},"excerpt":{"rendered":"<p>Stitch Please 100% Wool Chunky has all the wonderful properties of our 100% Wool Worsted in a bulky weight and<\/p>","protected":false},"featured_media":29323,"comment_status":"open","ping_status":"closed","template":"","meta":[],"product_brand":[],"product_cat":[28],"product_tag":[],"class_list":{"0":"post-29326","1":"product","2":"type-product","3":"status-publish","4":"has-post-thumbnail","6":"product_cat-wool","8":"first","9":"instock","10":"shipping-taxable","11":"purchasable","12":"product-type-simple"},"_links":{"self":[{"href":"https:\/\/sanqingniaoo.com\/vi\/wp-json\/wp\/v2\/product\/29326","targetHints":{"allow":["GET"]}}],"collection":[{"href":"https:\/\/sanqingniaoo.com\/vi\/wp-json\/wp\/v2\/product"}],"about":[{"href":"https:\/\/sanqingniaoo.com\/vi\/wp-json\/wp\/v2\/types\/product"}],"replies":[{"embeddable":true,"href":"https:\/\/sanqingniaoo.com\/vi\/wp-json\/wp\/v2\/comments?post=29326"}],"version-history":[{"count":0,"href":"https:\/\/sanqingniaoo.com\/vi\/wp-json\/wp\/v2\/product\/29326\/revisions"}],"wp:featuredmedia":[{"embeddable":true,"href":"https:\/\/sanqingniaoo.com\/vi\/wp-json\/wp\/v2\/media\/29323"}],"wp:attachment":[{"href":"https:\/\/sanqingniaoo.com\/vi\/wp-json\/wp\/v2\/media?parent=29326"}],"wp:term":[{"taxonomy":"product_brand","embeddable":true,"href":"https:\/\/sanqingniaoo.com\/vi\/wp-json\/wp\/v2\/product_brand?post=29326"},{"taxonomy":"product_cat","embeddable":true,"href":"https:\/\/sanqingniaoo.com\/vi\/wp-json\/wp\/v2\/product_cat?post=29326"},{"taxonomy":"product_tag","embeddable":true,"href":"https:\/\/sanqingniaoo.com\/vi\/wp-json\/wp\/v2\/product_tag?post=29326"}],"curies":[{"name":"wp","href":"https:\/\/api.w.org\/{rel}","templated":true}]}}