{"id":29333,"date":"2026-04-08T08:27:35","date_gmt":"2026-04-08T08:27:35","guid":{"rendered":"https:\/\/sanqingniaoo.com\/product\/elle-by-me-odette-2\/"},"modified":"2026-04-22T09:31:22","modified_gmt":"2026-04-22T09:31:22","slug":"elle-by-me-odette-2","status":"publish","type":"product","link":"https:\/\/sanqingniaoo.com\/vi\/san-pham\/elle-by-me-odette-2\/","title":{"rendered":"ELLE do Odette th\u1ef1c hi\u1ec7n"},"content":{"rendered":"<p>Nh\u1eb9 h\u01a1n c\u1ea3 kh\u00f4ng kh\u00ed, Odette mang v\u1ebb m\u01a1 m\u00e0ng v\u00e0 thanh tao. Len Merino v\u00e0 len alpaca mang l\u1ea1i s\u1ef1 \u1ea5m \u00e1p v\u00e0 \u0111\u1ed9 ph\u1ed3ng cho h\u1ed7n h\u1ee3p s\u1ee3i c\u1ee7a Odette, trong khi s\u1ee3i kim lo\u1ea1i t\u1ea1o n\u00ean \u00e1nh l\u1ea5p l\u00e1nh tinh t\u1ebf. V\u1edbi \u0111\u1ed9 d\u00e0i s\u1ee3i d\u1ed3i d\u00e0o v\u00e0 b\u1ed9 s\u01b0u t\u1eadp m\u00e0u s\u1eafc tr\u1ea7m \u1ea5m \u0111\u1ea7y tinh t\u1ebf, nh\u1eefng chi\u1ebfc \u00e1o len v\u00e0 ph\u1ee5 ki\u1ec7n \u0111\u01b0\u1ee3c d\u1ec7t t\u1eeb Odette s\u1ebd lu\u00f4n l\u00e0 l\u1ef1a ch\u1ecdn h\u00e0ng \u0111\u1ea7u trong t\u1ee7 qu\u1ea7n \u00e1o c\u1ee7a b\u1ea1n.<\/p>","protected":false},"excerpt":{"rendered":"<p>Lighter than air, Odette is dreamy and ethereal. Merino wool and alpaca supply warmth and loft to her fiber blend,<\/p>","protected":false},"featured_media":29328,"comment_status":"open","ping_status":"closed","template":"","meta":[],"product_brand":[],"product_cat":[28],"product_tag":[],"class_list":{"0":"post-29333","1":"product","2":"type-product","3":"status-publish","4":"has-post-thumbnail","6":"product_cat-wool","8":"first","9":"instock","10":"shipping-taxable","11":"purchasable","12":"product-type-simple"},"_links":{"self":[{"href":"https:\/\/sanqingniaoo.com\/vi\/wp-json\/wp\/v2\/product\/29333","targetHints":{"allow":["GET"]}}],"collection":[{"href":"https:\/\/sanqingniaoo.com\/vi\/wp-json\/wp\/v2\/product"}],"about":[{"href":"https:\/\/sanqingniaoo.com\/vi\/wp-json\/wp\/v2\/types\/product"}],"replies":[{"embeddable":true,"href":"https:\/\/sanqingniaoo.com\/vi\/wp-json\/wp\/v2\/comments?post=29333"}],"version-history":[{"count":0,"href":"https:\/\/sanqingniaoo.com\/vi\/wp-json\/wp\/v2\/product\/29333\/revisions"}],"wp:featuredmedia":[{"embeddable":true,"href":"https:\/\/sanqingniaoo.com\/vi\/wp-json\/wp\/v2\/media\/29328"}],"wp:attachment":[{"href":"https:\/\/sanqingniaoo.com\/vi\/wp-json\/wp\/v2\/media?parent=29333"}],"wp:term":[{"taxonomy":"product_brand","embeddable":true,"href":"https:\/\/sanqingniaoo.com\/vi\/wp-json\/wp\/v2\/product_brand?post=29333"},{"taxonomy":"product_cat","embeddable":true,"href":"https:\/\/sanqingniaoo.com\/vi\/wp-json\/wp\/v2\/product_cat?post=29333"},{"taxonomy":"product_tag","embeddable":true,"href":"https:\/\/sanqingniaoo.com\/vi\/wp-json\/wp\/v2\/product_tag?post=29333"}],"curies":[{"name":"wp","href":"https:\/\/api.w.org\/{rel}","templated":true}]}}