{"id":29337,"date":"2026-04-08T08:27:36","date_gmt":"2026-04-08T08:27:36","guid":{"rendered":"https:\/\/sanqingniaoo.com\/product\/deluxe-dk-superwash-bag-of-5-2\/"},"modified":"2026-04-22T09:31:08","modified_gmt":"2026-04-22T09:31:08","slug":"deluxe-dk-superwash-bag-of-5-2","status":"publish","type":"product","link":"https:\/\/sanqingniaoo.com\/vi\/san-pham\/deluxe-dk-superwash-bag-of-5-2\/","title":{"rendered":"B\u1ed9 5 t\u00fai Deluxe DK Superwash"},"content":{"rendered":"","protected":false},"excerpt":{"rendered":"<p>T\u1ea5t c\u1ea3 c\u00e1c giao d\u1ecbch b\u00e1n h\u00e0ng \u0111\u1ec1u kh\u00f4ng \u0111\u01b0\u1ee3c ho\u00e0n tr\u1ea3.<br \/>\nG\u00f3i 5 cu\u1ed9n c\u00f9ng m\u00e0u \u2013 Len si\u00eau m\u1ec1m v\u00e0 b\u1ec1n, lo\u1ea1i #3 tr\u1ecdng l\u01b0\u1ee3ng nh\u1eb9.<\/p>","protected":false},"featured_media":29335,"comment_status":"open","ping_status":"closed","template":"","meta":[],"product_brand":[],"product_cat":[28],"product_tag":[],"class_list":{"0":"post-29337","1":"product","2":"type-product","3":"status-publish","4":"has-post-thumbnail","6":"product_cat-wool","8":"first","9":"instock","10":"shipping-taxable","11":"purchasable","12":"product-type-simple"},"_links":{"self":[{"href":"https:\/\/sanqingniaoo.com\/vi\/wp-json\/wp\/v2\/product\/29337","targetHints":{"allow":["GET"]}}],"collection":[{"href":"https:\/\/sanqingniaoo.com\/vi\/wp-json\/wp\/v2\/product"}],"about":[{"href":"https:\/\/sanqingniaoo.com\/vi\/wp-json\/wp\/v2\/types\/product"}],"replies":[{"embeddable":true,"href":"https:\/\/sanqingniaoo.com\/vi\/wp-json\/wp\/v2\/comments?post=29337"}],"version-history":[{"count":0,"href":"https:\/\/sanqingniaoo.com\/vi\/wp-json\/wp\/v2\/product\/29337\/revisions"}],"wp:featuredmedia":[{"embeddable":true,"href":"https:\/\/sanqingniaoo.com\/vi\/wp-json\/wp\/v2\/media\/29335"}],"wp:attachment":[{"href":"https:\/\/sanqingniaoo.com\/vi\/wp-json\/wp\/v2\/media?parent=29337"}],"wp:term":[{"taxonomy":"product_brand","embeddable":true,"href":"https:\/\/sanqingniaoo.com\/vi\/wp-json\/wp\/v2\/product_brand?post=29337"},{"taxonomy":"product_cat","embeddable":true,"href":"https:\/\/sanqingniaoo.com\/vi\/wp-json\/wp\/v2\/product_cat?post=29337"},{"taxonomy":"product_tag","embeddable":true,"href":"https:\/\/sanqingniaoo.com\/vi\/wp-json\/wp\/v2\/product_tag?post=29337"}],"curies":[{"name":"wp","href":"https:\/\/api.w.org\/{rel}","templated":true}]}}