{"id":29340,"date":"2026-04-08T08:27:36","date_gmt":"2026-04-08T08:27:36","guid":{"rendered":"https:\/\/sanqingniaoo.com\/product\/posh-alpaca\/"},"modified":"2026-04-22T09:43:42","modified_gmt":"2026-04-22T09:43:42","slug":"posh-alpaca","status":"publish","type":"product","link":"https:\/\/sanqingniaoo.com\/vi\/san-pham\/posh-alpaca\/","title":{"rendered":"Posh Alpaca"},"content":{"rendered":"<p>\u0110\u01b0\u1ee3c d\u1ec7t t\u1ea1i \u00dd; Posh Alpaca l\u00e0 lo\u1ea1i s\u1ee3i cu\u1ed9n m\u1ec1m m\u1ea1i, \u00eam \u00e1i nh\u01b0 g\u1ed1i, \u0111\u01b0\u1ee3c pha tr\u1ed9n t\u1eeb len, l\u00f4ng alpaca si\u00eau m\u1ecbn v\u00e0 acrylic. Nh\u1eefng t\u00f4ng m\u00e0u t\u1ef1 nhi\u00ean pha tr\u1ed9n h\u00e0i h\u00f2a tuy\u1ec7t \u0111\u1eb9p v\u1edbi c\u00e1c s\u1eafc th\u00e1i m\u00f9a thu \u0111\u1eadm \u0111\u00e0 trong b\u1ea3ng m\u00e0u. Lo\u1ea1i s\u1ee3i n\u00e0y t\u1ea1o ra ch\u1ea5t v\u1ea3i nh\u1eb9 nh\u00e0ng v\u00e0 r\u1ee7 m\u1ec1m m\u1ea1i m\u1ed9t c\u00e1ch \u0111\u00e1ng ng\u1ea1c nhi\u00ean, khi\u1ebfn n\u00f3 tr\u1edf th\u00e0nh l\u1ef1a ch\u1ecdn ho\u00e0n h\u1ea3o cho c\u00e1c trang ph\u1ee5c \u1ea5m \u00e1p v\u00e0 ph\u1ee5 ki\u1ec7n. S\u1ee3i n\u00e0y th\u1ec3 hi\u1ec7n \u01b0u \u0111i\u1ec3m v\u01b0\u1ee3t tr\u1ed9i c\u1ea3 trong c\u00e1c thi\u1ebft k\u1ebf t\u1ed1i gi\u1ea3n l\u1eabn c\u00e1c m\u1eabu c\u00f3 nhi\u1ec1u chi ti\u1ebft t\u1ea1o k\u1ebft c\u1ea5u.<br \/>\nS\u1ea3n xu\u1ea5t t\u1ea1i \u00dd<\/p>","protected":false},"excerpt":{"rendered":"<p>Spun\u00a0in Italy; Posh Alpaca is a soft, pillowy roving yarn comprised of wool, superfine alpaca, and acrylic. The heathered natural<\/p>","protected":false},"featured_media":29338,"comment_status":"open","ping_status":"closed","template":"","meta":[],"product_brand":[],"product_cat":[28],"product_tag":[],"class_list":{"0":"post-29340","1":"product","2":"type-product","3":"status-publish","4":"has-post-thumbnail","6":"product_cat-wool","8":"first","9":"outofstock","10":"shipping-taxable","11":"purchasable","12":"product-type-simple"},"_links":{"self":[{"href":"https:\/\/sanqingniaoo.com\/vi\/wp-json\/wp\/v2\/product\/29340","targetHints":{"allow":["GET"]}}],"collection":[{"href":"https:\/\/sanqingniaoo.com\/vi\/wp-json\/wp\/v2\/product"}],"about":[{"href":"https:\/\/sanqingniaoo.com\/vi\/wp-json\/wp\/v2\/types\/product"}],"replies":[{"embeddable":true,"href":"https:\/\/sanqingniaoo.com\/vi\/wp-json\/wp\/v2\/comments?post=29340"}],"version-history":[{"count":0,"href":"https:\/\/sanqingniaoo.com\/vi\/wp-json\/wp\/v2\/product\/29340\/revisions"}],"wp:featuredmedia":[{"embeddable":true,"href":"https:\/\/sanqingniaoo.com\/vi\/wp-json\/wp\/v2\/media\/29338"}],"wp:attachment":[{"href":"https:\/\/sanqingniaoo.com\/vi\/wp-json\/wp\/v2\/media?parent=29340"}],"wp:term":[{"taxonomy":"product_brand","embeddable":true,"href":"https:\/\/sanqingniaoo.com\/vi\/wp-json\/wp\/v2\/product_brand?post=29340"},{"taxonomy":"product_cat","embeddable":true,"href":"https:\/\/sanqingniaoo.com\/vi\/wp-json\/wp\/v2\/product_cat?post=29340"},{"taxonomy":"product_tag","embeddable":true,"href":"https:\/\/sanqingniaoo.com\/vi\/wp-json\/wp\/v2\/product_tag?post=29340"}],"curies":[{"name":"wp","href":"https:\/\/api.w.org\/{rel}","templated":true}]}}