{"id":29341,"date":"2026-04-08T08:27:37","date_gmt":"2026-04-08T08:27:37","guid":{"rendered":"https:\/\/sanqingniaoo.com\/product\/deluxe-dk-tweed-bag-of-5\/"},"modified":"2026-04-22T09:30:55","modified_gmt":"2026-04-22T09:30:55","slug":"deluxe-dk-tweed-bag-of-5","status":"publish","type":"product","link":"https:\/\/sanqingniaoo.com\/vi\/san-pham\/deluxe-dk-tweed-bag-of-5\/","title":{"rendered":"B\u1ed9 5 t\u00fai v\u1ea3i tweed DK cao c\u1ea5p"},"content":{"rendered":"<p>All sales final. Bag of 5, same color.<br \/>\nS\u1ea3n ph\u1ea9m n\u00e0y \u0111\u00e3 ng\u1eebng kinh doanh v\u00e0 s\u1ebd kh\u00f4ng \u0111\u01b0\u1ee3c nh\u1eadp h\u00e0ng tr\u1edf l\u1ea1i. H\u00e3y \u0111\u1ea3m b\u1ea3o \u0111\u1eb7t h\u00e0ng \u0111\u1ee7 s\u1ed1 l\u01b0\u1ee3ng \u0111\u1ec3 ho\u00e0n th\u00e0nh d\u1ef1 \u00e1n c\u1ee7a b\u1ea1n. Ch\u00fang t\u00f4i kh\u00f4ng nh\u1eadn \u0111\u1eb7t h\u00e0ng tr\u01b0\u1edbc cho c\u00e1c s\u1ea3n ph\u1ea9m \u0111\u00e3 h\u1ebft h\u00e0ng.<br \/>\nDeluxe DK Tweed brings a classic look to any project. Machine washable, this yarn is perfect for baby and kid knits, or any project that needs a sophisticated touch of tweed.<\/p>","protected":false},"excerpt":{"rendered":"<p>All sales final. Bag of 5, same color. This item is discontinued and will not be restocked. Be sure to<\/p>","protected":false},"featured_media":29339,"comment_status":"open","ping_status":"closed","template":"","meta":[],"product_brand":[],"product_cat":[28],"product_tag":[],"class_list":{"0":"post-29341","1":"product","2":"type-product","3":"status-publish","4":"has-post-thumbnail","6":"product_cat-wool","8":"first","9":"instock","10":"shipping-taxable","11":"purchasable","12":"product-type-simple"},"_links":{"self":[{"href":"https:\/\/sanqingniaoo.com\/vi\/wp-json\/wp\/v2\/product\/29341","targetHints":{"allow":["GET"]}}],"collection":[{"href":"https:\/\/sanqingniaoo.com\/vi\/wp-json\/wp\/v2\/product"}],"about":[{"href":"https:\/\/sanqingniaoo.com\/vi\/wp-json\/wp\/v2\/types\/product"}],"replies":[{"embeddable":true,"href":"https:\/\/sanqingniaoo.com\/vi\/wp-json\/wp\/v2\/comments?post=29341"}],"version-history":[{"count":0,"href":"https:\/\/sanqingniaoo.com\/vi\/wp-json\/wp\/v2\/product\/29341\/revisions"}],"wp:featuredmedia":[{"embeddable":true,"href":"https:\/\/sanqingniaoo.com\/vi\/wp-json\/wp\/v2\/media\/29339"}],"wp:attachment":[{"href":"https:\/\/sanqingniaoo.com\/vi\/wp-json\/wp\/v2\/media?parent=29341"}],"wp:term":[{"taxonomy":"product_brand","embeddable":true,"href":"https:\/\/sanqingniaoo.com\/vi\/wp-json\/wp\/v2\/product_brand?post=29341"},{"taxonomy":"product_cat","embeddable":true,"href":"https:\/\/sanqingniaoo.com\/vi\/wp-json\/wp\/v2\/product_cat?post=29341"},{"taxonomy":"product_tag","embeddable":true,"href":"https:\/\/sanqingniaoo.com\/vi\/wp-json\/wp\/v2\/product_tag?post=29341"}],"curies":[{"name":"wp","href":"https:\/\/api.w.org\/{rel}","templated":true}]}}