{"id":29347,"date":"2026-04-08T08:27:38","date_gmt":"2026-04-08T08:27:38","guid":{"rendered":"https:\/\/sanqingniaoo.com\/product\/malabrigo-sock\/"},"modified":"2026-04-22T09:31:27","modified_gmt":"2026-04-22T09:31:27","slug":"malabrigo-sock","status":"publish","type":"product","link":"https:\/\/sanqingniaoo.com\/vi\/san-pham\/malabrigo-sock\/","title":{"rendered":"Malabrigo Sock"},"content":{"rendered":"<p>M\u1ed9t lo\u1ea1i s\u1ee3i d\u1ec7t t\u1ea5t m\u1ec1m m\u1ea1i, xo\u1eafn m\u1ecbn v\u00e0 nh\u1eb9, v\u1edbi nhi\u1ec1u m\u00e0u s\u1eafc \u0111a d\u1ea1ng t\u1eeb t\u00f4ng m\u00e0u \u0111\u1ed3ng nh\u1ea5t \u0111\u1ebfn hi\u1ec7u \u1ee9ng m\u00e0u n\u01b0\u1edbc. S\u1ee3i \u0111\u01b0\u1ee3c d\u1ec7t t\u1eeb len merino cao c\u1ea5p v\u00e0 qua x\u1eed l\u00fd \u0111\u1eb7c bi\u1ec7t \u0111\u1ec3 c\u00f3 th\u1ec3 gi\u1eb7t m\u00e1y, gi\u00fap vi\u1ec7c ch\u0103m s\u00f3c tr\u1edf n\u00ean d\u1ec5 d\u00e0ng. \u0110\u1eebng \u0111\u1ec3 c\u00e1i t\u00ean \u0111\u00e1nh l\u1eeba b\u1ea1n \u2013 d\u00f9 ch\u1eafc ch\u1eafn l\u00e0 m\u1ed9t m\u00f3n qu\u00e0 tuy\u1ec7t v\u1eddi cho \u0111\u00f4i ch\u00e2n, lo\u1ea1i s\u1ee3i \u0111\u00e1ng y\u00eau n\u00e0y c\u00f2n l\u00e0 l\u1ef1a ch\u1ecdn \u0111\u1eb7c bi\u1ec7t \u01b0a chu\u1ed9ng \u0111\u1ec3 d\u1ec7t kh\u0103n cho\u00e0ng v\u00e0 kh\u0103n qu\u00e0ng c\u1ed5!<br \/>\nKhi Malabrigo nhu\u1ed9m s\u1ee3i, c\u00f4ng th\u1ee9c \u0111\u01b0\u1ee3c s\u1eed d\u1ee5ng lu\u00f4n gi\u1ed1ng nhau, nh\u01b0ng m\u1ed7i l\u00f4 s\u1ee3i c\u00f3 th\u1ec3 c\u00f3 s\u1ef1 kh\u00e1c bi\u1ec7t. S\u1ef1 kh\u00e1c bi\u1ec7t gi\u1eefa c\u00e1c l\u00f4 nhu\u1ed9m c\u00f3 th\u1ec3 r\u1ea5t tinh t\u1ebf, ho\u1eb7c c\u1ef1c k\u1ef3 r\u00f5 r\u1ec7t, \u0111\u1eb7c bi\u1ec7t l\u00e0 \u0111\u1ed1i v\u1edbi c\u00e1c lo\u1ea1i s\u1ee3i nhi\u1ec1u m\u00e0u.\u00a0<\/p>","protected":false},"excerpt":{"rendered":"<p>A soft, smoothly-plied, lightweight sock yarn in a range of semi-solid and watercolor multi colorways. Spun from luxurious merino and<\/p>","protected":false},"featured_media":29346,"comment_status":"open","ping_status":"closed","template":"","meta":[],"product_brand":[],"product_cat":[28],"product_tag":[],"class_list":{"0":"post-29347","1":"product","2":"type-product","3":"status-publish","4":"has-post-thumbnail","6":"product_cat-wool","8":"first","9":"instock","10":"shipping-taxable","11":"purchasable","12":"product-type-simple"},"_links":{"self":[{"href":"https:\/\/sanqingniaoo.com\/vi\/wp-json\/wp\/v2\/product\/29347","targetHints":{"allow":["GET"]}}],"collection":[{"href":"https:\/\/sanqingniaoo.com\/vi\/wp-json\/wp\/v2\/product"}],"about":[{"href":"https:\/\/sanqingniaoo.com\/vi\/wp-json\/wp\/v2\/types\/product"}],"replies":[{"embeddable":true,"href":"https:\/\/sanqingniaoo.com\/vi\/wp-json\/wp\/v2\/comments?post=29347"}],"version-history":[{"count":0,"href":"https:\/\/sanqingniaoo.com\/vi\/wp-json\/wp\/v2\/product\/29347\/revisions"}],"wp:featuredmedia":[{"embeddable":true,"href":"https:\/\/sanqingniaoo.com\/vi\/wp-json\/wp\/v2\/media\/29346"}],"wp:attachment":[{"href":"https:\/\/sanqingniaoo.com\/vi\/wp-json\/wp\/v2\/media?parent=29347"}],"wp:term":[{"taxonomy":"product_brand","embeddable":true,"href":"https:\/\/sanqingniaoo.com\/vi\/wp-json\/wp\/v2\/product_brand?post=29347"},{"taxonomy":"product_cat","embeddable":true,"href":"https:\/\/sanqingniaoo.com\/vi\/wp-json\/wp\/v2\/product_cat?post=29347"},{"taxonomy":"product_tag","embeddable":true,"href":"https:\/\/sanqingniaoo.com\/vi\/wp-json\/wp\/v2\/product_tag?post=29347"}],"curies":[{"name":"wp","href":"https:\/\/api.w.org\/{rel}","templated":true}]}}