{"id":29349,"date":"2026-04-08T08:27:39","date_gmt":"2026-04-08T08:27:39","guid":{"rendered":"https:\/\/sanqingniaoo.com\/product\/silky-merino\/"},"modified":"2026-04-22T09:30:43","modified_gmt":"2026-04-22T09:30:43","slug":"silky-merino","status":"publish","type":"product","link":"https:\/\/sanqingniaoo.com\/vi\/san-pham\/silky-merino\/","title":{"rendered":"Len Merino m\u1ec1m m\u1ecbn"},"content":{"rendered":"<p>Lo\u1ea1i s\u1ee3i d\u1ec7t may \u0111\u01b0\u1ee3c y\u00eau th\u00edch n\u00e0y k\u1ebft h\u1ee3p l\u1ee5a 50% v\u00e0 len merino 50% th\u00e0nh m\u1ed9t s\u1ee3i DK \u0111\u01a1n s\u1ee3i, mang l\u1ea1i tr\u1ea3i nghi\u1ec7m \u0111an tuy\u1ec7t v\u1eddi v\u00e0 c\u1ea3m gi\u00e1c tho\u1ea3i m\u00e1i khi m\u1eb7c. S\u1ef1 k\u1ebft h\u1ee3p n\u00e0y m\u1ec1m m\u1ea1i, m\u1ecbn m\u00e0ng v\u00e0 kh\u00f4ng g\u00e2y ng\u1ee9a ngay c\u1ea3 v\u1edbi l\u00e0n da nh\u1ea1y c\u1ea3m nh\u1ea5t \u2013 th\u1ef1c s\u1ef1 tuy\u1ec7t v\u1eddi cho qu\u1ea7n \u00e1o, kh\u0103n qu\u00e0ng c\u1ed5 v\u00e0 c\u00e1c m\u00f3n \u0111\u1ed3 ti\u1ebfp x\u00fac tr\u1ef1c ti\u1ebfp v\u1edbi da. H\u00e0m l\u01b0\u1ee3ng t\u01a1 t\u1eb1m mang l\u1ea1i cho s\u1ee3i len \u0111\u1ed9 n\u1eb7ng v\u00e0 \u0111\u1ed9 r\u1ee7 t\u1ed1t h\u01a1n so v\u1edbi len merino thu\u1ea7n, c\u00f9ng v\u1edbi m\u1ed9t ch\u00fat \u00e1nh s\u00e1ng l\u1ea5p l\u00e1nh v\u00f4 c\u00f9ng \u0111\u1eb9p m\u1eaft. C\u00e1c s\u1ee3i len h\u1ea5p th\u1ee5 m\u00e0u s\u1eafc h\u01a1i kh\u00e1c nhau, t\u1ea1o th\u00eam chi\u1ec1u s\u00e2u cho b\u1ed9 s\u01b0u t\u1eadp \u0111a d\u1ea1ng c\u00e1c m\u00e0u s\u1eafc b\u00e1n \u0111\u1ed3ng nh\u1ea5t, \u0111a s\u1eafc v\u00e0 m\u00e0u n\u01b0\u1edbc hi\u1ec7n c\u00f3.<br \/>\nKhi Malabrigo nhu\u1ed9m s\u1ee3i, c\u00f4ng th\u1ee9c \u0111\u01b0\u1ee3c s\u1eed d\u1ee5ng lu\u00f4n gi\u1ed1ng nhau, nh\u01b0ng m\u1ed7i l\u00f4 s\u1ee3i c\u00f3 th\u1ec3 c\u00f3 s\u1ef1 kh\u00e1c bi\u1ec7t. S\u1ef1 kh\u00e1c bi\u1ec7t gi\u1eefa c\u00e1c l\u00f4 nhu\u1ed9m c\u00f3 th\u1ec3 r\u1ea5t tinh t\u1ebf, ho\u1eb7c c\u1ef1c k\u1ef3 r\u00f5 r\u1ec7t, \u0111\u1eb7c bi\u1ec7t l\u00e0 \u0111\u1ed1i v\u1edbi c\u00e1c lo\u1ea1i s\u1ee3i nhi\u1ec1u m\u00e0u.<\/p>","protected":false},"excerpt":{"rendered":"<p>This delightfully drapery favorite combines 50% silk and 50% merino into a single-ply DK yarn that is absolutely a treat<\/p>","protected":false},"featured_media":29348,"comment_status":"open","ping_status":"closed","template":"","meta":[],"product_brand":[],"product_cat":[28],"product_tag":[],"class_list":{"0":"post-29349","1":"product","2":"type-product","3":"status-publish","4":"has-post-thumbnail","6":"product_cat-wool","8":"first","9":"instock","10":"shipping-taxable","11":"purchasable","12":"product-type-simple"},"_links":{"self":[{"href":"https:\/\/sanqingniaoo.com\/vi\/wp-json\/wp\/v2\/product\/29349","targetHints":{"allow":["GET"]}}],"collection":[{"href":"https:\/\/sanqingniaoo.com\/vi\/wp-json\/wp\/v2\/product"}],"about":[{"href":"https:\/\/sanqingniaoo.com\/vi\/wp-json\/wp\/v2\/types\/product"}],"replies":[{"embeddable":true,"href":"https:\/\/sanqingniaoo.com\/vi\/wp-json\/wp\/v2\/comments?post=29349"}],"version-history":[{"count":0,"href":"https:\/\/sanqingniaoo.com\/vi\/wp-json\/wp\/v2\/product\/29349\/revisions"}],"wp:featuredmedia":[{"embeddable":true,"href":"https:\/\/sanqingniaoo.com\/vi\/wp-json\/wp\/v2\/media\/29348"}],"wp:attachment":[{"href":"https:\/\/sanqingniaoo.com\/vi\/wp-json\/wp\/v2\/media?parent=29349"}],"wp:term":[{"taxonomy":"product_brand","embeddable":true,"href":"https:\/\/sanqingniaoo.com\/vi\/wp-json\/wp\/v2\/product_brand?post=29349"},{"taxonomy":"product_cat","embeddable":true,"href":"https:\/\/sanqingniaoo.com\/vi\/wp-json\/wp\/v2\/product_cat?post=29349"},{"taxonomy":"product_tag","embeddable":true,"href":"https:\/\/sanqingniaoo.com\/vi\/wp-json\/wp\/v2\/product_tag?post=29349"}],"curies":[{"name":"wp","href":"https:\/\/api.w.org\/{rel}","templated":true}]}}