{"id":361,"date":"2021-08-27T11:55:26","date_gmt":"2021-08-27T11:55:26","guid":{"rendered":"http:\/\/dummy.xtemos.com\/woodmart2\/elementor\/?post_type=product&amp;p=361"},"modified":"2026-04-07T15:29:14","modified_gmt":"2026-04-07T15:29:14","slug":"iphone-dock","status":"publish","type":"product","link":"https:\/\/sanqingniaoo.com\/vi\/san-pham\/iphone-dock\/","title":{"rendered":"\u0110\u1ebf s\u1ea1c iPhone"},"content":{"rendered":"<div data-elementor-type=\"wp-post\" data-elementor-id=\"361\" class=\"elementor elementor-361\" data-elementor-post-type=\"product\">\n\t\t\t\t<div class=\"wd-negative-gap elementor-element elementor-element-7ba917d e-flex e-con-boxed e-con e-parent\" data-id=\"7ba917d\" data-element_type=\"container\" data-e-type=\"container\">\n\t\t\t\t\t<div class=\"e-con-inner\">\n\t\t<div class=\"elementor-element elementor-element-836b10c e-con-full e-flex e-con e-child\" data-id=\"836b10c\" data-element_type=\"container\" data-e-type=\"container\">\n\t\t\t\t<div class=\"elementor-element elementor-element-1cb5edc elementor-widget elementor-widget-wd_text_block\" data-id=\"1cb5edc\" data-element_type=\"widget\" data-e-type=\"widget\" data-widget_type=\"wd_text_block.default\">\n\t\t\t\t<div class=\"elementor-widget-container\">\n\t\t\t\t\t\t\t<div class=\"wd-text-block reset-last-child text-left\">\n\t\t\t\n\t\t\t<h3>S\u1ea3nh ch\u1edd c\u1ee7a Th\u1eddi gian v\u00e0 N\u1ed7i s\u1ee3<\/h3><ul class=\"unordered-list\"><li>Lorem ipsum dolor sit amet, conse.<\/li><li>Aliquam c\u00f3 vi\u1ec1n m\u00e0u n\u00e2u nh\u1ea1t v\u00e0 g\u00f3c tr\u00f2n.<\/li><li>Ti\u1ec1n s\u1ea3nh <strong><a href=\"#\">t\u00e1c gi\u1ea3 c\u1ee7a c\u00e1c b\u00e0i vi\u1ebft<\/a><\/strong> c\u0169ng kh\u00f4ng.<\/li><li>Gi\u1edd \u0111\u00e2y, n\u1ee5 c\u01b0\u1eddi \u0111\u00e1ng k\u00ednh \u1ea5y \u0111\u00e3 tr\u1edf th\u00e0nh n\u1ed7i lo.<\/li><li>Cras ornare tristique elit.<\/li><li>H\u00e3y s\u1ed1ng m\u00e0 kh\u00f4ng c\u1ea7n lo l\u1eafng v\u1ec1 \u0111i\u1ec1u g\u00ec.<\/li><li>Ng\u01b0\u1eddi \u0111ang c\u01b0\u1eddi kia l\u00e0 ai v\u1eady?.<\/li><li>M\u00e0u \u0111\u1ecf s\u1eabm.<\/li><\/ul><p>Ph\u1ea7n m\u1edf \u0111\u1ea7u c\u1ee7a Commodo <a href=\"#\"><strong>\u0110au Laoreet<\/strong><\/a> Eros, Suspen v\u00e0 Disse \u0111\u00e3 t\u1ea1o n\u00ean m\u1ed9t t\u00e1c ph\u1ea9m v\u0129 \u0111\u1ea1i, u\u1ed1n cong v\u00e0 \u0111\u1ecbnh h\u00ecnh t\u00e2m h\u1ed3n <a href=\"#\"><strong>ng\u01b0\u1eddi s\u1eafp sinh<\/strong><\/a> nh\u01b0ng nh\u1eefng v\u00f2ng xo\u1eafn l\u1edbn \u0111\u00f3 s\u1ebd u\u1ed1n cong v\u00e0 t\u1ea1o ra m\u1ed9t ph\u1ea7n cong.<\/p>\n\t\t\t\t\t<\/div>\n\t\t\t\t\t\t<\/div>\n\t\t\t\t<\/div>\n\t\t\t\t<\/div>\n\t\t<div class=\"elementor-element elementor-element-e91f64e e-con-full e-flex e-con e-child\" data-id=\"e91f64e\" data-element_type=\"container\" data-e-type=\"container\">\n\t\t\t\t<div class=\"elementor-element elementor-element-9c76e92 elementor-widget elementor-widget-wd_image_or_svg\" data-id=\"9c76e92\" data-element_type=\"widget\" data-e-type=\"widget\" data-widget_type=\"wd_image_or_svg.default\">\n\t\t\t\t<div class=\"elementor-widget-container\">\n\t\t\t\t\t\n\t\t<div class=\"wd-image text-left\">\n\t\t\t\t\t\t\t\t<img loading=\"lazy\" decoding=\"async\" width=\"700\" height=\"800\" src=\"https:\/\/sanqingniaoo.com\/wp-content\/uploads\/2021\/08\/iphone-dock-5.jpg\" class=\"attachment-full size-full\" alt=\"\" srcset=\"https:\/\/sanqingniaoo.com\/wp-content\/uploads\/2021\/08\/iphone-dock-5.jpg 700w, https:\/\/sanqingniaoo.com\/wp-content\/uploads\/2021\/08\/iphone-dock-5-430x491.jpg 430w, https:\/\/sanqingniaoo.com\/wp-content\/uploads\/2021\/08\/iphone-dock-5-150x171.jpg 150w\" sizes=\"auto, (max-width: 700px) 100vw, 700px\" \/>\t\t\t\t\t<\/div>\n\n\t\t\t\t\t\t<\/div>\n\t\t\t\t<\/div>\n\t\t\t\t<\/div>\n\t\t<div class=\"elementor-element elementor-element-3a86271 e-con-full e-flex e-con e-child\" data-id=\"3a86271\" data-element_type=\"container\" data-e-type=\"container\">\n\t\t\t\t<div class=\"elementor-element elementor-element-7320d16 elementor-widget elementor-widget-wd_image_or_svg\" data-id=\"7320d16\" data-element_type=\"widget\" data-e-type=\"widget\" data-widget_type=\"wd_image_or_svg.default\">\n\t\t\t\t<div class=\"elementor-widget-container\">\n\t\t\t\t\t\n\t\t<div class=\"wd-image text-left\">\n\t\t\t\t\t\t\t\t<img loading=\"lazy\" decoding=\"async\" width=\"700\" height=\"800\" src=\"https:\/\/sanqingniaoo.com\/wp-content\/uploads\/2021\/08\/iphone-dock-6.jpg\" class=\"attachment-full size-full\" alt=\"\" srcset=\"https:\/\/sanqingniaoo.com\/wp-content\/uploads\/2021\/08\/iphone-dock-6.jpg 700w, https:\/\/sanqingniaoo.com\/wp-content\/uploads\/2021\/08\/iphone-dock-6-430x491.jpg 430w, https:\/\/sanqingniaoo.com\/wp-content\/uploads\/2021\/08\/iphone-dock-6-150x171.jpg 150w\" sizes=\"auto, (max-width: 700px) 100vw, 700px\" \/>\t\t\t\t\t<\/div>\n\n\t\t\t\t\t\t<\/div>\n\t\t\t\t<\/div>\n\t\t\t\t<\/div>\n\t\t\t\t\t<\/div>\n\t\t\t\t<\/div>\n\t\t\t\t<\/div>","protected":false},"excerpt":{"rendered":"<p>Consequat a scelerisque suspendisse vel et eget eu vitae adipiscing nibh scelerisque semper cum adipiscing facilisis adipiscing est accumsan lorem vestibulum.<\/p>","protected":false},"featured_media":4951,"comment_status":"open","ping_status":"closed","template":"","meta":[],"product_brand":[53],"product_cat":[46],"product_tag":[],"class_list":{"0":"post-361","1":"product","2":"type-product","3":"status-publish","4":"has-post-thumbnail","6":"product_brand-hay","7":"product_cat-synthetic-fiber","9":"first","10":"instock","11":"sale","12":"shipping-taxable","13":"purchasable","14":"product-type-simple"},"_links":{"self":[{"href":"https:\/\/sanqingniaoo.com\/vi\/wp-json\/wp\/v2\/product\/361","targetHints":{"allow":["GET"]}}],"collection":[{"href":"https:\/\/sanqingniaoo.com\/vi\/wp-json\/wp\/v2\/product"}],"about":[{"href":"https:\/\/sanqingniaoo.com\/vi\/wp-json\/wp\/v2\/types\/product"}],"replies":[{"embeddable":true,"href":"https:\/\/sanqingniaoo.com\/vi\/wp-json\/wp\/v2\/comments?post=361"}],"version-history":[{"count":0,"href":"https:\/\/sanqingniaoo.com\/vi\/wp-json\/wp\/v2\/product\/361\/revisions"}],"wp:featuredmedia":[{"embeddable":true,"href":"https:\/\/sanqingniaoo.com\/vi\/wp-json\/wp\/v2\/media\/4951"}],"wp:attachment":[{"href":"https:\/\/sanqingniaoo.com\/vi\/wp-json\/wp\/v2\/media?parent=361"}],"wp:term":[{"taxonomy":"product_brand","embeddable":true,"href":"https:\/\/sanqingniaoo.com\/vi\/wp-json\/wp\/v2\/product_brand?post=361"},{"taxonomy":"product_cat","embeddable":true,"href":"https:\/\/sanqingniaoo.com\/vi\/wp-json\/wp\/v2\/product_cat?post=361"},{"taxonomy":"product_tag","embeddable":true,"href":"https:\/\/sanqingniaoo.com\/vi\/wp-json\/wp\/v2\/product_tag?post=361"}],"curies":[{"name":"wp","href":"https:\/\/api.w.org\/{rel}","templated":true}]}}